{"id":13514,"date":"2023-07-19T09:33:20","date_gmt":"2023-07-19T06:33:20","guid":{"rendered":"https:\/\/staging.grindeks.pl\/produkty\/"},"modified":"2023-08-03T12:39:10","modified_gmt":"2023-08-03T09:39:10","slug":"produkty","status":"publish","type":"page","link":"https:\/\/staging.grindeks.pl\/en\/produkty\/","title":{"rendered":"Produkty"},"content":{"rendered":"\n<p>Portfolio produkt\u00f3w Grindeks-Kalceks, sprzedawane jest w ponad 100 krajach na ca\u0142ym \u015bwiecie. Sk\u0142ada si\u0119 ono z lek\u00f3w oryginalnych, produkt\u00f3w generycznych i substancji czynnych, produkowanych zgodnie ze \u015bwiatowymi wymogami bezpiecze\u0144stwa i jako\u015bci. Nasze g\u0142\u00f3wne obszary terapeutyczne to: uk\u0142ad sercowo-naczyniowy, OUN, onkologia, cukrzyca i choroby sk\u00f3ry.<\/p>\n\n\n\n<figure class=\"wp-block-image size-full\"><img loading=\"lazy\" decoding=\"async\" width=\"1024\" height=\"685\" src=\"https:\/\/grindeks.lt\/pl\/wp-content\/uploads\/sites\/5\/2023\/07\/image.png\" alt=\"\" class=\"wp-image-13510\" title=\"\" srcset=\"https:\/\/staging.grindeks.pl\/wp-content\/uploads\/2023\/07\/image.png 1024w, https:\/\/staging.grindeks.pl\/wp-content\/uploads\/2023\/07\/image-300x201.png 300w, https:\/\/staging.grindeks.pl\/wp-content\/uploads\/2023\/07\/image-150x100.png 150w, https:\/\/staging.grindeks.pl\/wp-content\/uploads\/2023\/07\/image-768x514.png 768w, https:\/\/staging.grindeks.pl\/wp-content\/uploads\/2023\/07\/image-480x321.png 480w, https:\/\/staging.grindeks.pl\/wp-content\/uploads\/2023\/07\/image-640x428.png 640w, https:\/\/staging.grindeks.pl\/wp-content\/uploads\/2023\/07\/image-720x482.png 720w, https:\/\/staging.grindeks.pl\/wp-content\/uploads\/2023\/07\/image-960x642.png 960w\" sizes=\"auto, (max-width: 1024px) 100vw, 1024px\" \/><\/figure>\n","protected":false},"excerpt":{"rendered":"<p>Portfolio produkt\u00f3w Grindeks-Kalceks, sprzedawane jest w ponad 100 krajach na ca\u0142ym \u015bwiecie. Sk\u0142ada si\u0119 ono z lek\u00f3w oryginalnych, produkt\u00f3w generycznych i substancji czynnych, produkowanych zgodnie&#8230;<\/p>\n","protected":false},"author":12,"featured_media":6601,"parent":0,"menu_order":0,"comment_status":"closed","ping_status":"closed","template":"","meta":{"_acf_changed":false,"footnotes":""},"class_list":["post-13514","page","type-page","status-publish","has-post-thumbnail","hentry"],"acf":[],"_links":{"self":[{"href":"https:\/\/staging.grindeks.pl\/en\/wp-json\/wp\/v2\/pages\/13514","targetHints":{"allow":["GET"]}}],"collection":[{"href":"https:\/\/staging.grindeks.pl\/en\/wp-json\/wp\/v2\/pages"}],"about":[{"href":"https:\/\/staging.grindeks.pl\/en\/wp-json\/wp\/v2\/types\/page"}],"author":[{"embeddable":true,"href":"https:\/\/staging.grindeks.pl\/en\/wp-json\/wp\/v2\/users\/12"}],"replies":[{"embeddable":true,"href":"https:\/\/staging.grindeks.pl\/en\/wp-json\/wp\/v2\/comments?post=13514"}],"version-history":[{"count":1,"href":"https:\/\/staging.grindeks.pl\/en\/wp-json\/wp\/v2\/pages\/13514\/revisions"}],"predecessor-version":[{"id":13658,"href":"https:\/\/staging.grindeks.pl\/en\/wp-json\/wp\/v2\/pages\/13514\/revisions\/13658"}],"wp:featuredmedia":[{"embeddable":true,"href":"https:\/\/staging.grindeks.pl\/en\/wp-json\/wp\/v2\/media\/6601"}],"wp:attachment":[{"href":"https:\/\/staging.grindeks.pl\/en\/wp-json\/wp\/v2\/media?parent=13514"}],"curies":[{"name":"wp","href":"https:\/\/api.w.org\/{rel}","templated":true}]}}