{"id":13516,"date":"2023-07-19T09:35:45","date_gmt":"2023-07-19T06:35:45","guid":{"rendered":"https:\/\/staging.grindeks.pl\/produkty\/active-pharmaceutical-ingredients\/"},"modified":"2023-08-03T11:42:29","modified_gmt":"2023-08-03T08:42:29","slug":"grindeks-produkty","status":"publish","type":"page","link":"https:\/\/staging.grindeks.pl\/en\/produkty\/grindeks-produkty\/","title":{"rendered":"Grindeks produkty"},"content":{"rendered":"\n<p>Portfolio produkt\u00f3w Grindeks, sprzedawane jest w ponad 100 krajach na ca\u0142ym \u015bwiecie. Sk\u0142ada si\u0119 ono z lek\u00f3w oryginalnych, produkt\u00f3w generycznych i substancji czynnych, produkowanych zgodnie ze \u015bwiatowymi wymogami bezpiecze\u0144stwa i jako\u015bci. Nasze g\u0142\u00f3wne obszary terapeutyczne to: uk\u0142ad sercowo-naczyniowy, OUN, onkologia, cukrzyca i choroby sk\u00f3ry.<\/p>\n","protected":false},"excerpt":{"rendered":"<p>Portfolio produkt\u00f3w Grindeks, sprzedawane jest w ponad 100 krajach na ca\u0142ym \u015bwiecie. Sk\u0142ada si\u0119 ono z lek\u00f3w oryginalnych, produkt\u00f3w generycznych i substancji czynnych, produkowanych zgodnie&#8230;<\/p>\n","protected":false},"author":12,"featured_media":6601,"parent":13514,"menu_order":0,"comment_status":"closed","ping_status":"closed","template":"","meta":{"_acf_changed":false,"footnotes":""},"class_list":["post-13516","page","type-page","status-publish","has-post-thumbnail","hentry"],"acf":[],"_links":{"self":[{"href":"https:\/\/staging.grindeks.pl\/en\/wp-json\/wp\/v2\/pages\/13516","targetHints":{"allow":["GET"]}}],"collection":[{"href":"https:\/\/staging.grindeks.pl\/en\/wp-json\/wp\/v2\/pages"}],"about":[{"href":"https:\/\/staging.grindeks.pl\/en\/wp-json\/wp\/v2\/types\/page"}],"author":[{"embeddable":true,"href":"https:\/\/staging.grindeks.pl\/en\/wp-json\/wp\/v2\/users\/12"}],"replies":[{"embeddable":true,"href":"https:\/\/staging.grindeks.pl\/en\/wp-json\/wp\/v2\/comments?post=13516"}],"version-history":[{"count":3,"href":"https:\/\/staging.grindeks.pl\/en\/wp-json\/wp\/v2\/pages\/13516\/revisions"}],"predecessor-version":[{"id":13656,"href":"https:\/\/staging.grindeks.pl\/en\/wp-json\/wp\/v2\/pages\/13516\/revisions\/13656"}],"up":[{"embeddable":true,"href":"https:\/\/staging.grindeks.pl\/en\/wp-json\/wp\/v2\/pages\/13514"}],"wp:featuredmedia":[{"embeddable":true,"href":"https:\/\/staging.grindeks.pl\/en\/wp-json\/wp\/v2\/media\/6601"}],"wp:attachment":[{"href":"https:\/\/staging.grindeks.pl\/en\/wp-json\/wp\/v2\/media?parent=13516"}],"curies":[{"name":"wp","href":"https:\/\/api.w.org\/{rel}","templated":true}]}}