{"id":13517,"date":"2023-07-19T09:35:13","date_gmt":"2023-07-19T06:35:13","guid":{"rendered":"https:\/\/staging.grindeks.pl\/produkty\/final-dosage-forms\/"},"modified":"2023-08-11T13:39:00","modified_gmt":"2023-08-11T10:39:00","slug":"kalceks-produkty","status":"publish","type":"page","link":"https:\/\/staging.grindeks.pl\/en\/produkty\/kalceks-produkty\/","title":{"rendered":"Kalceks produkty"},"content":{"rendered":"\n<p>Portfolio produkt\u00f3w Kalceks, sprzedawane jest w ponad 100 krajach na ca\u0142ym \u015bwiecie. Sk\u0142ada si\u0119 ono z lek\u00f3w oryginalnych, produkt\u00f3w generycznych i substancji czynnych, produkowanych zgodnie ze \u015bwiatowymi wymogami bezpiecze\u0144stwa i jako\u015bci. Nasze g\u0142\u00f3wne obszary terapeutyczne to: uk\u0142ad sercowo-naczyniowy, OUN, onkologia, cukrzyca i choroby sk\u00f3ry.<\/p>\n","protected":false},"excerpt":{"rendered":"<p>Portfolio produkt\u00f3w Kalceks, sprzedawane jest w ponad 100 krajach na ca\u0142ym \u015bwiecie. Sk\u0142ada si\u0119 ono z lek\u00f3w oryginalnych, produkt\u00f3w generycznych i substancji czynnych, produkowanych zgodnie&#8230;<\/p>\n","protected":false},"author":12,"featured_media":6601,"parent":13514,"menu_order":0,"comment_status":"closed","ping_status":"closed","template":"","meta":{"_acf_changed":false,"footnotes":""},"class_list":["post-13517","page","type-page","status-publish","has-post-thumbnail","hentry"],"acf":[],"_links":{"self":[{"href":"https:\/\/staging.grindeks.pl\/en\/wp-json\/wp\/v2\/pages\/13517","targetHints":{"allow":["GET"]}}],"collection":[{"href":"https:\/\/staging.grindeks.pl\/en\/wp-json\/wp\/v2\/pages"}],"about":[{"href":"https:\/\/staging.grindeks.pl\/en\/wp-json\/wp\/v2\/types\/page"}],"author":[{"embeddable":true,"href":"https:\/\/staging.grindeks.pl\/en\/wp-json\/wp\/v2\/users\/12"}],"replies":[{"embeddable":true,"href":"https:\/\/staging.grindeks.pl\/en\/wp-json\/wp\/v2\/comments?post=13517"}],"version-history":[{"count":4,"href":"https:\/\/staging.grindeks.pl\/en\/wp-json\/wp\/v2\/pages\/13517\/revisions"}],"predecessor-version":[{"id":13679,"href":"https:\/\/staging.grindeks.pl\/en\/wp-json\/wp\/v2\/pages\/13517\/revisions\/13679"}],"up":[{"embeddable":true,"href":"https:\/\/staging.grindeks.pl\/en\/wp-json\/wp\/v2\/pages\/13514"}],"wp:featuredmedia":[{"embeddable":true,"href":"https:\/\/staging.grindeks.pl\/en\/wp-json\/wp\/v2\/media\/6601"}],"wp:attachment":[{"href":"https:\/\/staging.grindeks.pl\/en\/wp-json\/wp\/v2\/media?parent=13517"}],"curies":[{"name":"wp","href":"https:\/\/api.w.org\/{rel}","templated":true}]}}